{"id":11,"date":"2018-04-10T07:21:32","date_gmt":"2018-04-10T07:21:32","guid":{"rendered":"http:\/\/eradigitalyderecho.zeus.umh.es\/presentacion\/"},"modified":"2018-04-24T15:51:32","modified_gmt":"2018-04-24T13:51:32","slug":"presentacion","status":"publish","type":"page","link":"https:\/\/eradigitalyderecho.umh.es\/ca\/","title":{"rendered":"Presentaci\u00f3n"},"content":{"rendered":"<p>P\u00e1gina de presentaci\u00f3n de la unidad organizativa<\/p>","protected":false},"excerpt":{"rendered":"<p>P\u00e1gina de presentaci\u00f3n de la unidad organizativa<\/p>\n","protected":false},"author":1,"featured_media":0,"parent":0,"menu_order":0,"comment_status":"closed","ping_status":"open","template":"","meta":{"_links_to":"","_links_to_target":""},"_links":{"self":[{"href":"https:\/\/eradigitalyderecho.umh.es\/ca\/wp-json\/wp\/v2\/pages\/11"}],"collection":[{"href":"https:\/\/eradigitalyderecho.umh.es\/ca\/wp-json\/wp\/v2\/pages"}],"about":[{"href":"https:\/\/eradigitalyderecho.umh.es\/ca\/wp-json\/wp\/v2\/types\/page"}],"author":[{"embeddable":true,"href":"https:\/\/eradigitalyderecho.umh.es\/ca\/wp-json\/wp\/v2\/users\/1"}],"replies":[{"embeddable":true,"href":"https:\/\/eradigitalyderecho.umh.es\/ca\/wp-json\/wp\/v2\/comments?post=11"}],"version-history":[{"count":0,"href":"https:\/\/eradigitalyderecho.umh.es\/ca\/wp-json\/wp\/v2\/pages\/11\/revisions"}],"wp:attachment":[{"href":"https:\/\/eradigitalyderecho.umh.es\/ca\/wp-json\/wp\/v2\/media?parent=11"}],"curies":[{"name":"wp","href":"https:\/\/api.w.org\/{rel}","templated":true}]}}